{"id":21,"date":"2022-04-28T02:12:17","date_gmt":"2022-04-28T02:12:17","guid":{"rendered":"https:\/\/heskopsansit.com\/v2\/home\/"},"modified":"2023-05-15T12:43:26","modified_gmt":"2023-05-15T12:43:26","slug":"home","status":"publish","type":"page","link":"https:\/\/heskopsansit.com\/v2\/","title":{"rendered":"Ana Sayfa"},"content":{"rendered":"\n\n\n<h2>Sitemizde, rulman, h\u0131rdavat, Mobilya, Reklam sekt\u00f6rlerinde faaliyet g\u00f6steren firmalar bulunmaktad\u0131r.<\/h2>\n<h2><\/h2><a href=\"https:\/\/heskopsansit.com\/v2\/wp-content\/uploads\/2022\/12\/esnaflar-1.pdf\">Firma Rehberine ula\u015fmak i\u00e7in t\u0131klay\u0131n\u0131z.&nbsp;<\/a>\n\n<p><br><\/p>\n\n\n\n\n\n\n\n\n\n\n\n\n<h6><br><\/h6>\n<h2>Kurulu\u015f: 2001<\/h2>\n\n<p><br><\/p>\n\n\n","protected":false},"excerpt":{"rendered":"","protected":false},"author":0,"featured_media":0,"parent":0,"menu_order":0,"comment_status":"closed","ping_status":"closed","template":"","meta":{"footnotes":""},"_links":{"self":[{"href":"https:\/\/heskopsansit.com\/v2\/wp-json\/wp\/v2\/pages\/21"}],"collection":[{"href":"https:\/\/heskopsansit.com\/v2\/wp-json\/wp\/v2\/pages"}],"about":[{"href":"https:\/\/heskopsansit.com\/v2\/wp-json\/wp\/v2\/types\/page"}],"replies":[{"embeddable":true,"href":"https:\/\/heskopsansit.com\/v2\/wp-json\/wp\/v2\/comments?post=21"}],"version-history":[{"count":35,"href":"https:\/\/heskopsansit.com\/v2\/wp-json\/wp\/v2\/pages\/21\/revisions"}],"predecessor-version":[{"id":341,"href":"https:\/\/heskopsansit.com\/v2\/wp-json\/wp\/v2\/pages\/21\/revisions\/341"}],"wp:attachment":[{"href":"https:\/\/heskopsansit.com\/v2\/wp-json\/wp\/v2\/media?parent=21"}],"curies":[{"name":"wp","href":"https:\/\/api.w.org\/{rel}","templated":true}]}}